{"id":124,"date":"2023-11-09T20:02:11","date_gmt":"2023-11-09T20:02:11","guid":{"rendered":"https:\/\/lande-dgp.fi\/?page_id=124"},"modified":"2025-03-15T12:41:17","modified_gmt":"2025-03-15T10:41:17","slug":"till-foretag","status":"publish","type":"page","link":"https:\/\/lande-dgp.fi\/sv\/till-foretag\/","title":{"rendered":"Till f\u00f6retag"},"content":{"rendered":"<p><strong>Tyhy-p\u00e4iv\u00e4<\/strong> <strong>Landella<\/strong><\/p>\n\n\n\n<p>Kuhiseeko ty\u00f6paikka frisbeegolfaajia, vai kaivataanko uusia kokemuksia opastetulla ohjelmalla? Onko porukka kilpailuhenkist\u00e4 vai kaivataanko kevennyst\u00e4 arkeen h\u00f6nts\u00e4ilyll\u00e4?<\/p>\n\n\n\n<p>Oli miten oli, me pystymme r\u00e4\u00e4t\u00e4l\u00f6im\u00e4\u00e4n teille juuri sopivan paketin. Laittakaa s\u00e4hk\u00f6postia osoitteeseen info@mustionvk.fi omilla toiveilla ja seuraavilla lis\u00e4tiedoilla: <\/p>\n\n\n\n<ul class=\"wp-block-list\">\n<li>Ryhm\u00e4koko<\/li>\n\n\n\n<li>Toivottu p\u00e4iv\u00e4m\u00e4\u00e4r\u00e4 ja aika<\/li>\n<\/ul>\n\n\n\n<p><strong>Valinnaiset lis\u00e4palvelut:<\/strong><\/p>\n\n\n\n<ul class=\"wp-block-list\">\n<li>Rantasauna<\/li>\n\n\n\n<li>Grilli<\/li>\n\n\n\n<li>Ryhm\u00e4n valokuvaus<\/li>\n\n\n\n<li>Majoitus &lt;1km<\/li>\n<\/ul>\n\n\n\n<p><strong>Kiinnostaako oma sponsorikori?<\/strong><\/p>\n\n\n\n<ul class=\"wp-block-list\">\n<li>500 \u20ac \/ kausi<\/li>\n\n\n\n<li>1 200 \u20ac \/ 3 kautta<\/li>\n<\/ul>\n\n\n\n<p>Tarjoamme yhteisty\u00f6kumppaneille laajasti ja jatkuvasti kasvavaa n\u00e4kyvyytt\u00e4 radalla ja useiden projektien my\u00f6t\u00e4. Laittakaa s\u00e4hk\u00f6postia info@mustionvk.fi niin kerromme lis\u00e4\u00e4.<\/p>\n\n\n\n<p><\/p>","protected":false},"excerpt":{"rendered":"<p>Tyhy-p\u00e4iv\u00e4 Landella Kuhiseeko ty\u00f6paikka frisbeegolfaajia, vai kaivataanko uusia kokemuksia opastetulla ohjelmalla? Onko porukka kilpailuhenkist\u00e4 vai kaivataanko kevennyst\u00e4 arkeen h\u00f6nts\u00e4ilyll\u00e4? Oli miten oli, me pystymme r\u00e4\u00e4t\u00e4l\u00f6im\u00e4\u00e4n teille juuri sopivan paketin. Laittakaa s\u00e4hk\u00f6postia osoitteeseen info@mustionvk.fi omilla toiveilla ja seuraavilla lis\u00e4tiedoilla: Valinnaiset lis\u00e4palvelut: Kiinnostaako oma sponsorikori? Tarjoamme yhteisty\u00f6kumppaneille laajasti ja jatkuvasti kasvavaa n\u00e4kyvyytt\u00e4 radalla ja useiden projektien my\u00f6t\u00e4. [&hellip;]<\/p>","protected":false},"author":1,"featured_media":0,"parent":0,"menu_order":0,"comment_status":"closed","ping_status":"closed","template":"","meta":{"inline_featured_image":false,"_uag_custom_page_level_css":"","site-sidebar-layout":"default","site-content-layout":"","ast-site-content-layout":"default","site-content-style":"default","site-sidebar-style":"default","ast-global-header-display":"","ast-banner-title-visibility":"","ast-main-header-display":"","ast-hfb-above-header-display":"","ast-hfb-below-header-display":"","ast-hfb-mobile-header-display":"","site-post-title":"","ast-breadcrumbs-content":"","ast-featured-img":"","footer-sml-layout":"","ast-disable-related-posts":"","theme-transparent-header-meta":"","adv-header-id-meta":"","stick-header-meta":"","header-above-stick-meta":"","header-main-stick-meta":"","header-below-stick-meta":"","astra-migrate-meta-layouts":"default","ast-page-background-enabled":"default","ast-page-background-meta":{"desktop":{"background-color":"var(--ast-global-color-4)","background-image":"","background-repeat":"repeat","background-position":"center center","background-size":"auto","background-attachment":"scroll","background-type":"","background-media":"","overlay-type":"","overlay-color":"","overlay-opacity":"","overlay-gradient":""},"tablet":{"background-color":"","background-image":"","background-repeat":"repeat","background-position":"center center","background-size":"auto","background-attachment":"scroll","background-type":"","background-media":"","overlay-type":"","overlay-color":"","overlay-opacity":"","overlay-gradient":""},"mobile":{"background-color":"","background-image":"","background-repeat":"repeat","background-position":"center center","background-size":"auto","background-attachment":"scroll","background-type":"","background-media":"","overlay-type":"","overlay-color":"","overlay-opacity":"","overlay-gradient":""}},"ast-content-background-meta":{"desktop":{"background-color":"var(--ast-global-color-5)","background-image":"","background-repeat":"repeat","background-position":"center center","background-size":"auto","background-attachment":"scroll","background-type":"","background-media":"","overlay-type":"","overlay-color":"","overlay-opacity":"","overlay-gradient":""},"tablet":{"background-color":"var(--ast-global-color-5)","background-image":"","background-repeat":"repeat","background-position":"center center","background-size":"auto","background-attachment":"scroll","background-type":"","background-media":"","overlay-type":"","overlay-color":"","overlay-opacity":"","overlay-gradient":""},"mobile":{"background-color":"var(--ast-global-color-5)","background-image":"","background-repeat":"repeat","background-position":"center center","background-size":"auto","background-attachment":"scroll","background-type":"","background-media":"","overlay-type":"","overlay-color":"","overlay-opacity":"","overlay-gradient":""}},"footnotes":""},"class_list":["post-124","page","type-page","status-publish","hentry"],"spectra_custom_meta":{"_edit_lock":["1742035460:3"],"_trp_translated_slug_sv_SE":["till-foretag"],"_edit_last":["3"],"cmplz_hide_cookiebanner":[""],"_uag_page_assets":["a:9:{s:3:\"css\";s:7745:\".uag-blocks-common-selector{z-index:var(--z-index-desktop) !important}@media (max-width: 976px){.uag-blocks-common-selector{z-index:var(--z-index-tablet) !important}}@media (max-width: 767px){.uag-blocks-common-selector{z-index:var(--z-index-mobile) !important}}\n.wp-block-uagb-advanced-heading h1,.wp-block-uagb-advanced-heading h2,.wp-block-uagb-advanced-heading h3,.wp-block-uagb-advanced-heading h4,.wp-block-uagb-advanced-heading h5,.wp-block-uagb-advanced-heading h6,.wp-block-uagb-advanced-heading p,.wp-block-uagb-advanced-heading div{word-break:break-word}.wp-block-uagb-advanced-heading .uagb-heading-text{margin:0}.wp-block-uagb-advanced-heading .uagb-desc-text{margin:0}.wp-block-uagb-advanced-heading .uagb-separator{font-size:0;border-top-style:solid;display:inline-block;margin:0 0 10px 0}.wp-block-uagb-advanced-heading .uagb-highlight{color:#f78a0c;border:0;transition:all 0.3s ease}.uag-highlight-toolbar{border-left:0;border-top:0;border-bottom:0;border-radius:0;border-right-color:#1e1e1e}.uag-highlight-toolbar .components-button{border-radius:0;outline:none}.uag-highlight-toolbar .components-button.is-primary{color:#fff}\n.wp-block-uagb-advanced-heading.uagb-block-55091a34.wp-block-uagb-advanced-heading .uagb-heading-text{color: #ffffff;}.wp-block-uagb-advanced-heading.uagb-block-55091a34.wp-block-uagb-advanced-heading .uagb-desc-text{margin-bottom: 15px;}.wp-block-uagb-advanced-heading.uagb-block-55091a34.wp-block-uagb-advanced-heading .uagb-highlight{font-style: normal;font-weight: Default;background: #007cba;color: #fff;-webkit-text-fill-color: #fff;}.wp-block-uagb-advanced-heading.uagb-block-55091a34.wp-block-uagb-advanced-heading .uagb-highlight::-moz-selection{color: #fff;background: #007cba;-webkit-text-fill-color: #fff;}.wp-block-uagb-advanced-heading.uagb-block-55091a34.wp-block-uagb-advanced-heading .uagb-highlight::selection{color: #fff;background: #007cba;-webkit-text-fill-color: #fff;}.uagb-icon-list__wrap{display:flex;align-items:flex-start;justify-content:flex-start}.wp-block-uagb-icon-list-child{padding:0;transition:all 0.2s;display:inline-flex;color:#3a3a3a;align-items:center;text-decoration:none;box-shadow:none}.wp-block-uagb-icon-list-child span.uagb-icon-list__source-wrap{display:block;align-items:center}.uagb-icon-list__source-wrap svg{display:block}.uagb-icon-list__source-image{width:40px}.uagb-icon-list__outer-wrap .uagb-icon-list__content-wrap{color:#3a3a3a;display:flex;align-items:center}\n.wp-block-uagb-icon-list-child{position:relative}.wp-block-uagb-icon-list-child>a{position:absolute;top:0;left:0;width:100%;height:100%}img.uagb-icon-list__source-image{max-width:unset}.wp-block-uagb-icon-list-child .uagb-icon-list__label{word-break:break-word}\n.wp-block-uagb-icon-list.uagb-block-bd282892 .uagb-icon-list__source-image{width: 20px;}.wp-block-uagb-icon-list.uagb-block-bd282892 .wp-block-uagb-icon-list-child .uagb-icon-list__source-wrap svg{width: 20px;height: 20px;font-size: 20px;color: #ffffff;fill: #ffffff;}.wp-block-uagb-icon-list.uagb-block-bd282892 .wp-block-uagb-icon-list-child .uagb-icon-list__source-wrap{padding: 0px;border-radius: 0px;border-width: 0px;align-self: center;}.wp-block-uagb-icon-list.uagb-block-bd282892 .wp-block-uagb-icon-list-child .uagb-icon-list__label{text-decoration: !important;line-height: em;color: #ffffff;}.wp-block-uagb-icon-list.uagb-block-bd282892 .uagb-icon-list__wrap{display: flex;flex-direction: column;justify-content: center;-webkit-box-pack: center;-ms-flex-pack: center;-webkit-box-align: flex-start;-ms-flex-align: flex-start;align-items: flex-start;}.wp-block-uagb-icon-list.uagb-block-bd282892 .uagb-icon-list__label{text-align: left;}.wp-block-uagb-icon-list.uagb-block-bd282892 .wp-block-uagb-icon-list-child{text-decoration: !important;line-height: em;}.wp-block-uagb-icon-list.uagb-block-bd282892.wp-block-uagb-icon-list .wp-block-uagb-icon-list-child{margin-left: 0;margin-right: 0;margin-bottom: 10px;}.wp-block-uagb-icon-list.uagb-block-bd282892 .uagb-icon-list__source-wrap{margin-right: 15px;}.uagb-block-e8cd692e.wp-block-uagb-icon-list-child .uagb-icon-list__source-wrap{background:  !important;border-color:  !important;}.uagb-block-e8cd692e.wp-block-uagb-icon-list-child:hover .uagb-icon-list__source-wrap{background:  !important;border-color:  !important;}.uagb-block-3c66577e.wp-block-uagb-icon-list-child .uagb-icon-list__source-wrap{background:  !important;border-color:  !important;}.uagb-block-3c66577e.wp-block-uagb-icon-list-child:hover .uagb-icon-list__source-wrap{background:  !important;border-color:  !important;}.uagb-block-80e848b7.wp-block-uagb-icon-list-child .uagb-icon-list__source-wrap{background:  !important;border-color:  !important;}.uagb-block-80e848b7.wp-block-uagb-icon-list-child:hover .uagb-icon-list__source-wrap{background:  !important;border-color:  !important;}@media only screen and (max-width: 976px) {.wp-block-uagb-icon-list.uagb-block-bd282892 .uagb-icon-list__source-image{width: 20px;}.wp-block-uagb-icon-list.uagb-block-bd282892 .wp-block-uagb-icon-list-child .uagb-icon-list__source-wrap svg{width: 20px;height: 20px;font-size: 20px;}.wp-block-uagb-icon-list.uagb-block-bd282892 .wp-block-uagb-icon-list-child .uagb-icon-list__source-wrap {padding: 0px;border-width: 0px;align-self: center;}.wp-block-uagb-icon-list.uagb-block-bd282892 .uagb-icon-list__wrap{display: flex;flex-direction: column;justify-content: center;-webkit-box-pack: center;-ms-flex-pack: center;-webkit-box-align: flex-start;-ms-flex-align: flex-start;align-items: flex-start;}.wp-block-uagb-icon-list.uagb-block-bd282892.wp-block-uagb-icon-list .wp-block-uagb-icon-list-child{margin-left: 0;margin-right: 0;margin-bottom: 10px;}}@media only screen and (max-width: 767px) {.wp-block-uagb-icon-list.uagb-block-bd282892 .uagb-icon-list__source-image{width: 20px;}.wp-block-uagb-icon-list.uagb-block-bd282892 .wp-block-uagb-icon-list-child .uagb-icon-list__source-wrap svg{width: 20px;height: 20px;font-size: 20px;}.wp-block-uagb-icon-list.uagb-block-bd282892 .wp-block-uagb-icon-list-child .uagb-icon-list__source-wrap{padding: 0px;border-width: 0px;align-self: center;}.wp-block-uagb-icon-list.uagb-block-bd282892 .uagb-icon-list__wrap{display: flex;flex-direction: column;justify-content: center;-webkit-box-pack: center;-ms-flex-pack: center;-webkit-box-align: flex-start;-ms-flex-align: flex-start;align-items: flex-start;}.wp-block-uagb-icon-list.uagb-block-bd282892.wp-block-uagb-icon-list .wp-block-uagb-icon-list-child{margin-left: 0;margin-right: 0;margin-bottom: 10px;}}.wp-block-uagb-advanced-heading.uagb-block-1c7a69f9.wp-block-uagb-advanced-heading .uagb-heading-text{color: #ffffff;}.wp-block-uagb-advanced-heading.uagb-block-1c7a69f9.wp-block-uagb-advanced-heading .uagb-desc-text{margin-bottom: 15px;}.wp-block-uagb-advanced-heading.uagb-block-1c7a69f9.wp-block-uagb-advanced-heading .uagb-highlight{font-style: normal;font-weight: Default;background: #007cba;color: #fff;-webkit-text-fill-color: #fff;}.wp-block-uagb-advanced-heading.uagb-block-1c7a69f9.wp-block-uagb-advanced-heading .uagb-highlight::-moz-selection{color: #fff;background: #007cba;-webkit-text-fill-color: #fff;}.wp-block-uagb-advanced-heading.uagb-block-1c7a69f9.wp-block-uagb-advanced-heading .uagb-highlight::selection{color: #fff;background: #007cba;-webkit-text-fill-color: #fff;}.uagb-google-map__wrap{display:flex}.uagb-google-map__wrap .uagb-google-map__iframe{width:100%;box-shadow:none;border:none;padding:0;margin:0}\n .uagb-block-5370dd7c .uagb-google-map__iframe{height: 300px;}@media only screen and (max-width: 976px) { .uagb-block-5370dd7c .uagb-google-map__iframe{height: 300px;}}@media only screen and (max-width: 767px) { .uagb-block-5370dd7c .uagb-google-map__iframe{height: 300px;}}\";s:2:\"js\";s:0:\"\";s:18:\"current_block_list\";a:14:{i:0;s:14:\"core\/paragraph\";i:1;s:9:\"core\/list\";i:2;s:14:\"core\/list-item\";i:3;s:11:\"core\/search\";i:4;s:10:\"core\/group\";i:5;s:12:\"core\/heading\";i:6;s:17:\"core\/latest-posts\";i:7;s:20:\"core\/latest-comments\";i:8;s:13:\"core\/archives\";i:9;s:15:\"core\/categories\";i:10;s:21:\"uagb\/advanced-heading\";i:11;s:14:\"uagb\/icon-list\";i:12;s:20:\"uagb\/icon-list-child\";i:13;s:15:\"uagb\/google-map\";}s:8:\"uag_flag\";b:1;s:11:\"uag_version\";s:10:\"1775914194\";s:6:\"gfonts\";a:0:{}s:10:\"gfonts_url\";s:0:\"\";s:12:\"gfonts_files\";a:0:{}s:14:\"uag_faq_layout\";b:0;}"],"_uagb_previous_block_counts":["a:90:{s:21:\"uagb\/advanced-heading\";i:0;s:15:\"uagb\/blockquote\";i:0;s:12:\"uagb\/buttons\";i:0;s:18:\"uagb\/buttons-child\";i:0;s:19:\"uagb\/call-to-action\";i:0;s:15:\"uagb\/cf7-styler\";i:0;s:11:\"uagb\/column\";i:0;s:12:\"uagb\/columns\";i:0;s:14:\"uagb\/container\";i:0;s:21:\"uagb\/content-timeline\";i:0;s:27:\"uagb\/content-timeline-child\";i:0;s:14:\"uagb\/countdown\";i:0;s:12:\"uagb\/counter\";i:0;s:8:\"uagb\/faq\";i:0;s:14:\"uagb\/faq-child\";i:0;s:10:\"uagb\/forms\";i:0;s:17:\"uagb\/forms-accept\";i:0;s:19:\"uagb\/forms-checkbox\";i:0;s:15:\"uagb\/forms-date\";i:0;s:16:\"uagb\/forms-email\";i:0;s:17:\"uagb\/forms-hidden\";i:0;s:15:\"uagb\/forms-name\";i:0;s:16:\"uagb\/forms-phone\";i:0;s:16:\"uagb\/forms-radio\";i:0;s:17:\"uagb\/forms-select\";i:0;s:19:\"uagb\/forms-textarea\";i:0;s:17:\"uagb\/forms-toggle\";i:0;s:14:\"uagb\/forms-url\";i:0;s:14:\"uagb\/gf-styler\";i:0;s:15:\"uagb\/google-map\";i:0;s:11:\"uagb\/how-to\";i:0;s:16:\"uagb\/how-to-step\";i:0;s:9:\"uagb\/icon\";i:0;s:14:\"uagb\/icon-list\";i:0;s:20:\"uagb\/icon-list-child\";i:0;s:10:\"uagb\/image\";i:0;s:18:\"uagb\/image-gallery\";i:0;s:13:\"uagb\/info-box\";i:0;s:18:\"uagb\/inline-notice\";i:0;s:11:\"uagb\/lottie\";i:0;s:21:\"uagb\/marketing-button\";i:0;s:10:\"uagb\/modal\";i:0;s:18:\"uagb\/popup-builder\";i:0;s:16:\"uagb\/post-button\";i:0;s:18:\"uagb\/post-carousel\";i:0;s:17:\"uagb\/post-excerpt\";i:0;s:14:\"uagb\/post-grid\";i:0;s:15:\"uagb\/post-image\";i:0;s:17:\"uagb\/post-masonry\";i:0;s:14:\"uagb\/post-meta\";i:0;s:18:\"uagb\/post-taxonomy\";i:0;s:18:\"uagb\/post-timeline\";i:0;s:15:\"uagb\/post-title\";i:0;s:20:\"uagb\/restaurant-menu\";i:0;s:26:\"uagb\/restaurant-menu-child\";i:0;s:11:\"uagb\/review\";i:0;s:12:\"uagb\/section\";i:0;s:14:\"uagb\/separator\";i:0;s:11:\"uagb\/slider\";i:0;s:17:\"uagb\/slider-child\";i:0;s:17:\"uagb\/social-share\";i:0;s:23:\"uagb\/social-share-child\";i:0;s:16:\"uagb\/star-rating\";i:0;s:23:\"uagb\/sure-cart-checkout\";i:0;s:22:\"uagb\/sure-cart-product\";i:0;s:15:\"uagb\/sure-forms\";i:0;s:22:\"uagb\/table-of-contents\";i:0;s:9:\"uagb\/tabs\";i:0;s:15:\"uagb\/tabs-child\";i:0;s:18:\"uagb\/taxonomy-list\";i:0;s:9:\"uagb\/team\";i:0;s:16:\"uagb\/testimonial\";i:0;s:14:\"uagb\/wp-search\";i:0;s:19:\"uagb\/instagram-feed\";i:0;s:10:\"uagb\/login\";i:0;s:17:\"uagb\/loop-builder\";i:0;s:18:\"uagb\/loop-category\";i:0;s:20:\"uagb\/loop-pagination\";i:0;s:15:\"uagb\/loop-reset\";i:0;s:16:\"uagb\/loop-search\";i:0;s:14:\"uagb\/loop-sort\";i:0;s:17:\"uagb\/loop-wrapper\";i:0;s:13:\"uagb\/register\";i:0;s:19:\"uagb\/register-email\";i:0;s:24:\"uagb\/register-first-name\";i:0;s:23:\"uagb\/register-last-name\";i:0;s:22:\"uagb\/register-password\";i:0;s:30:\"uagb\/register-reenter-password\";i:0;s:19:\"uagb\/register-terms\";i:0;s:22:\"uagb\/register-username\";i:0;}"],"_uag_css_file_name":["uag-css-124.css"]},"uagb_featured_image_src":{"full":false,"thumbnail":false,"medium":false,"medium_large":false,"large":false,"1536x1536":false,"2048x2048":false,"trp-custom-language-flag":false,"woocommerce_thumbnail":false,"woocommerce_single":false,"woocommerce_gallery_thumbnail":false},"uagb_author_info":{"display_name":"admin","author_link":"https:\/\/lande-dgp.fi\/sv\/author\/janne\/"},"uagb_comment_info":0,"uagb_excerpt":"Tyhy-p\u00e4iv\u00e4 Landella Kuhiseeko ty\u00f6paikka frisbeegolfaajia, vai kaivataanko uusia kokemuksia opastetulla ohjelmalla? Onko porukka kilpailuhenkist\u00e4 vai kaivataanko kevennyst\u00e4 arkeen h\u00f6nts\u00e4ilyll\u00e4? Oli miten oli, me pystymme r\u00e4\u00e4t\u00e4l\u00f6im\u00e4\u00e4n teille juuri sopivan paketin. Laittakaa s\u00e4hk\u00f6postia osoitteeseen info@mustionvk.fi omilla toiveilla ja seuraavilla lis\u00e4tiedoilla: Valinnaiset lis\u00e4palvelut: Kiinnostaako oma sponsorikori? Tarjoamme yhteisty\u00f6kumppaneille laajasti ja jatkuvasti kasvavaa n\u00e4kyvyytt\u00e4 radalla ja useiden projektien my\u00f6t\u00e4.&hellip;","_links":{"self":[{"href":"https:\/\/lande-dgp.fi\/sv\/wp-json\/wp\/v2\/pages\/124","targetHints":{"allow":["GET"]}}],"collection":[{"href":"https:\/\/lande-dgp.fi\/sv\/wp-json\/wp\/v2\/pages"}],"about":[{"href":"https:\/\/lande-dgp.fi\/sv\/wp-json\/wp\/v2\/types\/page"}],"author":[{"embeddable":true,"href":"https:\/\/lande-dgp.fi\/sv\/wp-json\/wp\/v2\/users\/1"}],"replies":[{"embeddable":true,"href":"https:\/\/lande-dgp.fi\/sv\/wp-json\/wp\/v2\/comments?post=124"}],"version-history":[{"count":6,"href":"https:\/\/lande-dgp.fi\/sv\/wp-json\/wp\/v2\/pages\/124\/revisions"}],"predecessor-version":[{"id":660,"href":"https:\/\/lande-dgp.fi\/sv\/wp-json\/wp\/v2\/pages\/124\/revisions\/660"}],"wp:attachment":[{"href":"https:\/\/lande-dgp.fi\/sv\/wp-json\/wp\/v2\/media?parent=124"}],"curies":[{"name":"wp","href":"https:\/\/api.w.org\/{rel}","templated":true}]}}