{"id":206,"date":"2023-11-10T06:55:08","date_gmt":"2023-11-10T06:55:08","guid":{"rendered":"https:\/\/lande-dgp.fi\/?page_id=206"},"modified":"2024-05-10T16:27:54","modified_gmt":"2024-05-10T13:27:54","slug":"betalvillkor","status":"publish","type":"page","link":"https:\/\/lande-dgp.fi\/sv\/betalvillkor\/","title":{"rendered":"Betalvillkor"},"content":{"rendered":"<div class=\"wp-block-uagb-image uagb-block-b37b9c45 wp-block-uagb-image--layout-default wp-block-uagb-image--effect-static wp-block-uagb-image--align-none\"><figure class=\"wp-block-uagb-image__figure\"><img decoding=\"async\" srcset=\"https:\/\/lande-dgp.fi\/wp-content\/uploads\/bluecommerce-logo-svg.svg ,https:\/\/lande-dgp.fi\/wp-content\/uploads\/bluecommerce-logo-svg.svg 780w, https:\/\/lande-dgp.fi\/wp-content\/uploads\/bluecommerce-logo-svg.svg 360w\" sizes=\"auto, (max-width: 480px) 150px\" src=\"https:\/\/lande-dgp.fi\/wp-content\/uploads\/bluecommerce-logo-svg.svg\" alt=\"BlueCommerce logo\" class=\"uag-image-559\" width=\"300\" height=\"62\" title=\"\" loading=\"lazy\" role=\"img\"\/><\/figure><\/div>\n\n\n\n<p><strong>Maksutavat<\/strong><\/p>\n\n\n\n<p>Maksupalvelun tarjoaa Verifone Finland Oy (0943819-9). Verifone Finland Oy on Finanssivalvonnan toimiluvan saanut maksulaitos. Maksutapahtumat toteutetaan Verifone Finland Oy:n suojatussa tietoturvallisessa maksuymp\u00e4rist\u00f6ss\u00e4. Yleisimpien verkkopankki-, kortti- ja muiden maksujen vastaanottajana tiliotteella sek\u00e4 mahdollisilla korttilaskuilla n\u00e4kyy Verifone Finland Oy, joka v\u00e4litt\u00e4\u00e4 maksut kauppiaalle. Muiden maksutapojen osalta Verifone Finland Oy toimii maksutapahtumatietojen v\u00e4litt\u00e4j\u00e4n\u00e4, jolloin maksun vastaanottajana n\u00e4kyy Mustion V\u00e4yl\u00e4kiiturit ry (3239221-3).<\/p>\n\n\n\n<p>Maksamiseen liittyviss\u00e4 kysymyksiss\u00e4 voit ottaa yhteytt\u00e4 Verifoneen:<\/p>\n\n\n\n<p>Verifone Finland Oy<br>Vantaankoskentie 14<br>01670 Vantaa<br>Asiakaspalvelu: 020 753 5192<br>kuluttaja@verifone.fi<\/p>\n\n\n\n<p>Voit maksaa verkkokaupassa seuraavilla maksutavoilla:<\/p>\n\n\n\n<p>Kaikki suomalaiset verkkopankkimaksut: Osuuspankki, Nordea, Danske Bank, S\u00e4\u00e4st\u00f6pankki, Aktia, Oma S\u00e4\u00e4st\u00f6pankki, POP Pankki, Handelsbanken, S-Pankki ja \u00c5landsbanken.<\/p>\n\n\n\n<p>Visa- ja Mastercard-korttiperheet: Visa Credit, Visa Debit, Mastercard Credit, Mastercard Debit, Visa Electron, Maestro ja Eurocard.<\/p>\n\n\n\n<p><strong>Mobiilimaksutavat<\/strong><\/p>\n\n\n\n<p>Siirto- ja Apple Pay -mobiilimaksutavat.<\/p>\n\n\n\n<p><strong>Verkkomaksujen tietoturva<\/strong><\/p>\n\n\n\n<p>K\u00e4yt\u00e4mme tietoturvallista SSL-salattua yhteytt\u00e4 luottokortti- ja muita tilaustietoja k\u00e4sitelt\u00e4ess\u00e4. Emme s\u00e4ilyt\u00e4 luottokorttitietoja tietoj\u00e4rjestelmiss\u00e4mme vaan ne k\u00e4sitell\u00e4\u00e4n ja s\u00e4ilytet\u00e4\u00e4n Verifonen turvallisessa PCI DSS -sertifioidussa j\u00e4rjestelm\u00e4ss\u00e4.<\/p>","protected":false},"excerpt":{"rendered":"<p>Maksutavat Maksupalvelun tarjoaa Verifone Finland Oy (0943819-9). Verifone Finland Oy on Finanssivalvonnan toimiluvan saanut maksulaitos. Maksutapahtumat toteutetaan Verifone Finland Oy:n suojatussa tietoturvallisessa maksuymp\u00e4rist\u00f6ss\u00e4. Yleisimpien verkkopankki-, kortti- ja muiden maksujen vastaanottajana tiliotteella sek\u00e4 mahdollisilla korttilaskuilla n\u00e4kyy Verifone Finland Oy, joka v\u00e4litt\u00e4\u00e4 maksut kauppiaalle. Muiden maksutapojen osalta Verifone Finland Oy toimii maksutapahtumatietojen v\u00e4litt\u00e4j\u00e4n\u00e4, jolloin maksun vastaanottajana n\u00e4kyy [&hellip;]<\/p>","protected":false},"author":1,"featured_media":0,"parent":0,"menu_order":0,"comment_status":"closed","ping_status":"closed","template":"","meta":{"inline_featured_image":false,"_uag_custom_page_level_css":"","site-sidebar-layout":"default","site-content-layout":"","ast-site-content-layout":"default","site-content-style":"default","site-sidebar-style":"default","ast-global-header-display":"","ast-banner-title-visibility":"","ast-main-header-display":"","ast-hfb-above-header-display":"","ast-hfb-below-header-display":"","ast-hfb-mobile-header-display":"","site-post-title":"","ast-breadcrumbs-content":"","ast-featured-img":"","footer-sml-layout":"","ast-disable-related-posts":"","theme-transparent-header-meta":"","adv-header-id-meta":"","stick-header-meta":"","header-above-stick-meta":"","header-main-stick-meta":"","header-below-stick-meta":"","astra-migrate-meta-layouts":"default","ast-page-background-enabled":"default","ast-page-background-meta":{"desktop":{"background-color":"var(--ast-global-color-4)","background-image":"","background-repeat":"repeat","background-position":"center center","background-size":"auto","background-attachment":"scroll","background-type":"","background-media":"","overlay-type":"","overlay-color":"","overlay-opacity":"","overlay-gradient":""},"tablet":{"background-color":"","background-image":"","background-repeat":"repeat","background-position":"center center","background-size":"auto","background-attachment":"scroll","background-type":"","background-media":"","overlay-type":"","overlay-color":"","overlay-opacity":"","overlay-gradient":""},"mobile":{"background-color":"","background-image":"","background-repeat":"repeat","background-position":"center center","background-size":"auto","background-attachment":"scroll","background-type":"","background-media":"","overlay-type":"","overlay-color":"","overlay-opacity":"","overlay-gradient":""}},"ast-content-background-meta":{"desktop":{"background-color":"var(--ast-global-color-5)","background-image":"","background-repeat":"repeat","background-position":"center center","background-size":"auto","background-attachment":"scroll","background-type":"","background-media":"","overlay-type":"","overlay-color":"","overlay-opacity":"","overlay-gradient":""},"tablet":{"background-color":"var(--ast-global-color-5)","background-image":"","background-repeat":"repeat","background-position":"center center","background-size":"auto","background-attachment":"scroll","background-type":"","background-media":"","overlay-type":"","overlay-color":"","overlay-opacity":"","overlay-gradient":""},"mobile":{"background-color":"var(--ast-global-color-5)","background-image":"","background-repeat":"repeat","background-position":"center center","background-size":"auto","background-attachment":"scroll","background-type":"","background-media":"","overlay-type":"","overlay-color":"","overlay-opacity":"","overlay-gradient":""}},"footnotes":""},"class_list":["post-206","page","type-page","status-publish","hentry"],"spectra_custom_meta":{"_edit_lock":["1715347676:1"],"_trp_translated_slug_sv_SE":["betalvillkor"],"_edit_last":["1"],"cmplz_hide_cookiebanner":[""],"_uag_page_assets":["a:9:{s:3:\"css\";s:14777:\".wp-block-uagb-image{display:flex}.wp-block-uagb-image__figure{position:relative;display:flex;flex-direction:column;max-width:100%;height:auto;margin:0}.wp-block-uagb-image__figure img{height:auto;display:flex;max-width:100%;transition:box-shadow 0.2s ease}.wp-block-uagb-image__figure>a{display:inline-block}.wp-block-uagb-image__figure figcaption{text-align:center;margin-top:0.5em;margin-bottom:1em}.wp-block-uagb-image .components-placeholder.block-editor-media-placeholder .components-placeholder__instructions{align-self:center}.wp-block-uagb-image--align-left{text-align:left}.wp-block-uagb-image--align-right{text-align:right}.wp-block-uagb-image--align-center{text-align:center}.wp-block-uagb-image--align-full .wp-block-uagb-image__figure{margin-left:calc(50% - 50vw);margin-right:calc(50% - 50vw);max-width:100vw;width:100vw;height:auto}.wp-block-uagb-image--align-full .wp-block-uagb-image__figure img{height:auto;width:100% !important}.wp-block-uagb-image--align-wide .wp-block-uagb-image__figure img{height:auto;width:100%}.wp-block-uagb-image--layout-overlay__color-wrapper{position:absolute;left:0;top:0;right:0;bottom:0;opacity:0.2;background:rgba(0,0,0,0.5);transition:opacity 0.35s ease-in-out}.wp-block-uagb-image--layout-overlay-link{position:absolute;left:0;right:0;bottom:0;top:0}.wp-block-uagb-image--layout-overlay .wp-block-uagb-image__figure:hover .wp-block-uagb-image--layout-overlay__color-wrapper{opacity:1}.wp-block-uagb-image--layout-overlay__inner{position:absolute;left:15px;right:15px;bottom:15px;top:15px;display:flex;align-items:center;justify-content:center;flex-direction:column;border-color:#fff;transition:0.35s ease-in-out}.wp-block-uagb-image--layout-overlay__inner.top-left,.wp-block-uagb-image--layout-overlay__inner.top-center,.wp-block-uagb-image--layout-overlay__inner.top-right{justify-content:flex-start}.wp-block-uagb-image--layout-overlay__inner.bottom-left,.wp-block-uagb-image--layout-overlay__inner.bottom-center,.wp-block-uagb-image--layout-overlay__inner.bottom-right{justify-content:flex-end}.wp-block-uagb-image--layout-overlay__inner.top-left,.wp-block-uagb-image--layout-overlay__inner.center-left,.wp-block-uagb-image--layout-overlay__inner.bottom-left{align-items:flex-start}.wp-block-uagb-image--layout-overlay__inner.top-right,.wp-block-uagb-image--layout-overlay__inner.center-right,.wp-block-uagb-image--layout-overlay__inner.bottom-right{align-items:flex-end}.wp-block-uagb-image--layout-overlay__inner .uagb-image-heading{color:#fff;transition:transform 0.35s, opacity 0.35s ease-in-out;transform:translate3d(0, 24px, 0);margin:0;line-height:1em}.wp-block-uagb-image--layout-overlay__inner .uagb-image-separator{width:30%;border-top-width:2px;border-top-color:#fff;border-top-style:solid;margin-bottom:10px;opacity:0;transition:transform 0.4s, opacity 0.4s ease-in-out;transform:translate3d(0, 30px, 0)}.wp-block-uagb-image--layout-overlay__inner .uagb-image-caption{opacity:0;overflow:visible;color:#fff;transition:transform 0.45s, opacity 0.45s ease-in-out;transform:translate3d(0, 35px, 0)}.wp-block-uagb-image--layout-overlay__inner:hover .uagb-image-heading,.wp-block-uagb-image--layout-overlay__inner:hover .uagb-image-separator,.wp-block-uagb-image--layout-overlay__inner:hover .uagb-image-caption{opacity:1;transform:translate3d(0, 0, 0)}.wp-block-uagb-image--effect-zoomin .wp-block-uagb-image__figure img,.wp-block-uagb-image--effect-zoomin .wp-block-uagb-image__figure .wp-block-uagb-image--layout-overlay__color-wrapper{transform:scale(1);transition:transform 0.35s ease-in-out}.wp-block-uagb-image--effect-zoomin .wp-block-uagb-image__figure:hover img,.wp-block-uagb-image--effect-zoomin .wp-block-uagb-image__figure:hover .wp-block-uagb-image--layout-overlay__color-wrapper{transform:scale(1.05)}.wp-block-uagb-image--effect-slide .wp-block-uagb-image__figure img,.wp-block-uagb-image--effect-slide .wp-block-uagb-image__figure .wp-block-uagb-image--layout-overlay__color-wrapper{width:calc(100% + 40px) !important;max-width:none !important;transform:translate3d(-40px, 0, 0);transition:transform 0.35s ease-in-out}.wp-block-uagb-image--effect-slide .wp-block-uagb-image__figure:hover img,.wp-block-uagb-image--effect-slide .wp-block-uagb-image__figure:hover .wp-block-uagb-image--layout-overlay__color-wrapper{transform:translate3d(0, 0, 0)}.wp-block-uagb-image--effect-grayscale img{filter:grayscale(0%);transition:0.35s ease-in-out}.wp-block-uagb-image--effect-grayscale:hover img{filter:grayscale(100%)}.wp-block-uagb-image--effect-blur img{filter:blur(0);transition:0.35s ease-in-out}.wp-block-uagb-image--effect-blur:hover img{filter:blur(3px)}\n.uagb-block-b37b9c45.wp-block-uagb-image{margin-top: 2em;margin-right: 0em;margin-bottom: 2em;margin-left: 0em;}.uagb-block-b37b9c45.wp-block-uagb-image--layout-default figure img{box-shadow: 0px 0px 0 #00000070;}.uagb-block-b37b9c45.wp-block-uagb-image .wp-block-uagb-image__figure figcaption{font-style: normal;align-self: center;}.uagb-block-b37b9c45.wp-block-uagb-image--layout-overlay figure img{box-shadow: 0px 0px 0 #00000070;}.uagb-block-b37b9c45.wp-block-uagb-image--layout-overlay .wp-block-uagb-image--layout-overlay__color-wrapper{opacity: 0.2;}.uagb-block-b37b9c45.wp-block-uagb-image--layout-overlay .wp-block-uagb-image--layout-overlay__inner{left: 15px;right: 15px;top: 15px;bottom: 15px;}.uagb-block-b37b9c45.wp-block-uagb-image--layout-overlay .wp-block-uagb-image--layout-overlay__inner .uagb-image-heading{font-style: normal;color: #fff;opacity: 1;}.uagb-block-b37b9c45.wp-block-uagb-image--layout-overlay .wp-block-uagb-image--layout-overlay__inner .uagb-image-heading a{color: #fff;}.uagb-block-b37b9c45.wp-block-uagb-image--layout-overlay .wp-block-uagb-image--layout-overlay__inner .uagb-image-caption{opacity: 0;}.uagb-block-b37b9c45.wp-block-uagb-image--layout-overlay .wp-block-uagb-image__figure:hover .wp-block-uagb-image--layout-overlay__color-wrapper{opacity: 1;}.uagb-block-b37b9c45.wp-block-uagb-image .wp-block-uagb-image--layout-overlay__inner .uagb-image-separator{width: 30%;border-top-width: 2px;border-top-color: #fff;opacity: 0;}.uagb-block-b37b9c45.wp-block-uagb-image .wp-block-uagb-image__figure img{object-fit: cover;width: 300px;height: auto;}.uagb-block-b37b9c45.wp-block-uagb-image .wp-block-uagb-image__figure:hover .wp-block-uagb-image--layout-overlay__inner .uagb-image-caption{opacity: 1;}.uagb-block-b37b9c45.wp-block-uagb-image .wp-block-uagb-image__figure:hover .wp-block-uagb-image--layout-overlay__inner .uagb-image-separator{opacity: 1;}.uagb-block-b37b9c45.wp-block-uagb-image--layout-default figure:hover img{box-shadow: 0px 0px 0 #00000070;}.uagb-block-b37b9c45.wp-block-uagb-image--layout-overlay figure:hover img{box-shadow: 0px 0px 0 #00000070;}@media only screen and (max-width: 976px) {.uagb-block-b37b9c45.wp-block-uagb-image .wp-block-uagb-image__figure img{width: 300px;height: auto;}}@media only screen and (max-width: 767px) {.uagb-block-b37b9c45.wp-block-uagb-image .wp-block-uagb-image__figure img{width: 300px;height: auto;}}.uag-blocks-common-selector{z-index:var(--z-index-desktop) !important}@media (max-width: 976px){.uag-blocks-common-selector{z-index:var(--z-index-tablet) !important}}@media (max-width: 767px){.uag-blocks-common-selector{z-index:var(--z-index-mobile) !important}}\n.wp-block-uagb-advanced-heading h1,.wp-block-uagb-advanced-heading h2,.wp-block-uagb-advanced-heading h3,.wp-block-uagb-advanced-heading h4,.wp-block-uagb-advanced-heading h5,.wp-block-uagb-advanced-heading h6,.wp-block-uagb-advanced-heading p,.wp-block-uagb-advanced-heading div{word-break:break-word}.wp-block-uagb-advanced-heading .uagb-heading-text{margin:0}.wp-block-uagb-advanced-heading .uagb-desc-text{margin:0}.wp-block-uagb-advanced-heading .uagb-separator{font-size:0;border-top-style:solid;display:inline-block;margin:0 0 10px 0}.wp-block-uagb-advanced-heading .uagb-highlight{color:#f78a0c;border:0;transition:all 0.3s ease}.uag-highlight-toolbar{border-left:0;border-top:0;border-bottom:0;border-radius:0;border-right-color:#1e1e1e}.uag-highlight-toolbar .components-button{border-radius:0;outline:none}.uag-highlight-toolbar .components-button.is-primary{color:#fff}\n.wp-block-uagb-advanced-heading.uagb-block-55091a34.wp-block-uagb-advanced-heading .uagb-heading-text{color: #ffffff;}.wp-block-uagb-advanced-heading.uagb-block-55091a34.wp-block-uagb-advanced-heading .uagb-desc-text{margin-bottom: 15px;}.wp-block-uagb-advanced-heading.uagb-block-55091a34.wp-block-uagb-advanced-heading .uagb-highlight{font-style: normal;font-weight: Default;background: #007cba;color: #fff;-webkit-text-fill-color: #fff;}.wp-block-uagb-advanced-heading.uagb-block-55091a34.wp-block-uagb-advanced-heading .uagb-highlight::-moz-selection{color: #fff;background: #007cba;-webkit-text-fill-color: #fff;}.wp-block-uagb-advanced-heading.uagb-block-55091a34.wp-block-uagb-advanced-heading .uagb-highlight::selection{color: #fff;background: #007cba;-webkit-text-fill-color: #fff;}.uagb-icon-list__wrap{display:flex;align-items:flex-start;justify-content:flex-start}.wp-block-uagb-icon-list-child{padding:0;transition:all 0.2s;display:inline-flex;color:#3a3a3a;align-items:center;text-decoration:none;box-shadow:none}.wp-block-uagb-icon-list-child span.uagb-icon-list__source-wrap{display:block;align-items:center}.uagb-icon-list__source-wrap svg{display:block}.uagb-icon-list__source-image{width:40px}.uagb-icon-list__outer-wrap .uagb-icon-list__content-wrap{color:#3a3a3a;display:flex;align-items:center}\n.wp-block-uagb-icon-list-child{position:relative}.wp-block-uagb-icon-list-child>a{position:absolute;top:0;left:0;width:100%;height:100%}img.uagb-icon-list__source-image{max-width:unset}.wp-block-uagb-icon-list-child .uagb-icon-list__label{word-break:break-word}\n.wp-block-uagb-icon-list.uagb-block-bd282892 .uagb-icon-list__source-image{width: 20px;}.wp-block-uagb-icon-list.uagb-block-bd282892 .wp-block-uagb-icon-list-child .uagb-icon-list__source-wrap svg{width: 20px;height: 20px;font-size: 20px;color: #ffffff;fill: #ffffff;}.wp-block-uagb-icon-list.uagb-block-bd282892 .wp-block-uagb-icon-list-child .uagb-icon-list__source-wrap{padding: 0px;border-radius: 0px;border-width: 0px;align-self: center;}.wp-block-uagb-icon-list.uagb-block-bd282892 .wp-block-uagb-icon-list-child .uagb-icon-list__label{text-decoration: !important;line-height: em;color: #ffffff;}.wp-block-uagb-icon-list.uagb-block-bd282892 .uagb-icon-list__wrap{display: flex;flex-direction: column;justify-content: center;-webkit-box-pack: center;-ms-flex-pack: center;-webkit-box-align: flex-start;-ms-flex-align: flex-start;align-items: flex-start;}.wp-block-uagb-icon-list.uagb-block-bd282892 .uagb-icon-list__label{text-align: left;}.wp-block-uagb-icon-list.uagb-block-bd282892 .wp-block-uagb-icon-list-child{text-decoration: !important;line-height: em;}.wp-block-uagb-icon-list.uagb-block-bd282892.wp-block-uagb-icon-list .wp-block-uagb-icon-list-child{margin-left: 0;margin-right: 0;margin-bottom: 10px;}.wp-block-uagb-icon-list.uagb-block-bd282892 .uagb-icon-list__source-wrap{margin-right: 15px;}.uagb-block-e8cd692e.wp-block-uagb-icon-list-child .uagb-icon-list__source-wrap{background:  !important;border-color:  !important;}.uagb-block-e8cd692e.wp-block-uagb-icon-list-child:hover .uagb-icon-list__source-wrap{background:  !important;border-color:  !important;}.uagb-block-3c66577e.wp-block-uagb-icon-list-child .uagb-icon-list__source-wrap{background:  !important;border-color:  !important;}.uagb-block-3c66577e.wp-block-uagb-icon-list-child:hover .uagb-icon-list__source-wrap{background:  !important;border-color:  !important;}.uagb-block-80e848b7.wp-block-uagb-icon-list-child .uagb-icon-list__source-wrap{background:  !important;border-color:  !important;}.uagb-block-80e848b7.wp-block-uagb-icon-list-child:hover .uagb-icon-list__source-wrap{background:  !important;border-color:  !important;}@media only screen and (max-width: 976px) {.wp-block-uagb-icon-list.uagb-block-bd282892 .uagb-icon-list__source-image{width: 20px;}.wp-block-uagb-icon-list.uagb-block-bd282892 .wp-block-uagb-icon-list-child .uagb-icon-list__source-wrap svg{width: 20px;height: 20px;font-size: 20px;}.wp-block-uagb-icon-list.uagb-block-bd282892 .wp-block-uagb-icon-list-child .uagb-icon-list__source-wrap {padding: 0px;border-width: 0px;align-self: center;}.wp-block-uagb-icon-list.uagb-block-bd282892 .uagb-icon-list__wrap{display: flex;flex-direction: column;justify-content: center;-webkit-box-pack: center;-ms-flex-pack: center;-webkit-box-align: flex-start;-ms-flex-align: flex-start;align-items: flex-start;}.wp-block-uagb-icon-list.uagb-block-bd282892.wp-block-uagb-icon-list .wp-block-uagb-icon-list-child{margin-left: 0;margin-right: 0;margin-bottom: 10px;}}@media only screen and (max-width: 767px) {.wp-block-uagb-icon-list.uagb-block-bd282892 .uagb-icon-list__source-image{width: 20px;}.wp-block-uagb-icon-list.uagb-block-bd282892 .wp-block-uagb-icon-list-child .uagb-icon-list__source-wrap svg{width: 20px;height: 20px;font-size: 20px;}.wp-block-uagb-icon-list.uagb-block-bd282892 .wp-block-uagb-icon-list-child .uagb-icon-list__source-wrap{padding: 0px;border-width: 0px;align-self: center;}.wp-block-uagb-icon-list.uagb-block-bd282892 .uagb-icon-list__wrap{display: flex;flex-direction: column;justify-content: center;-webkit-box-pack: center;-ms-flex-pack: center;-webkit-box-align: flex-start;-ms-flex-align: flex-start;align-items: flex-start;}.wp-block-uagb-icon-list.uagb-block-bd282892.wp-block-uagb-icon-list .wp-block-uagb-icon-list-child{margin-left: 0;margin-right: 0;margin-bottom: 10px;}}.wp-block-uagb-advanced-heading.uagb-block-1c7a69f9.wp-block-uagb-advanced-heading .uagb-heading-text{color: #ffffff;}.wp-block-uagb-advanced-heading.uagb-block-1c7a69f9.wp-block-uagb-advanced-heading .uagb-desc-text{margin-bottom: 15px;}.wp-block-uagb-advanced-heading.uagb-block-1c7a69f9.wp-block-uagb-advanced-heading .uagb-highlight{font-style: normal;font-weight: Default;background: #007cba;color: #fff;-webkit-text-fill-color: #fff;}.wp-block-uagb-advanced-heading.uagb-block-1c7a69f9.wp-block-uagb-advanced-heading .uagb-highlight::-moz-selection{color: #fff;background: #007cba;-webkit-text-fill-color: #fff;}.wp-block-uagb-advanced-heading.uagb-block-1c7a69f9.wp-block-uagb-advanced-heading .uagb-highlight::selection{color: #fff;background: #007cba;-webkit-text-fill-color: #fff;}.uagb-google-map__wrap{display:flex}.uagb-google-map__wrap .uagb-google-map__iframe{width:100%;box-shadow:none;border:none;padding:0;margin:0}\n .uagb-block-5370dd7c .uagb-google-map__iframe{height: 300px;}@media only screen and (max-width: 976px) { .uagb-block-5370dd7c .uagb-google-map__iframe{height: 300px;}}@media only screen and (max-width: 767px) { .uagb-block-5370dd7c .uagb-google-map__iframe{height: 300px;}}\";s:2:\"js\";s:0:\"\";s:18:\"current_block_list\";a:13:{i:0;s:10:\"uagb\/image\";i:1;s:14:\"core\/paragraph\";i:2;s:11:\"core\/search\";i:3;s:10:\"core\/group\";i:4;s:12:\"core\/heading\";i:5;s:17:\"core\/latest-posts\";i:6;s:20:\"core\/latest-comments\";i:7;s:13:\"core\/archives\";i:8;s:15:\"core\/categories\";i:9;s:21:\"uagb\/advanced-heading\";i:10;s:14:\"uagb\/icon-list\";i:11;s:20:\"uagb\/icon-list-child\";i:12;s:15:\"uagb\/google-map\";}s:8:\"uag_flag\";b:1;s:11:\"uag_version\";s:10:\"1775909168\";s:6:\"gfonts\";a:0:{}s:10:\"gfonts_url\";s:0:\"\";s:12:\"gfonts_files\";a:0:{}s:14:\"uag_faq_layout\";b:0;}"],"_cmplz_scanned_post":["1"],"_uagb_previous_block_counts":["a:90:{s:21:\"uagb\/advanced-heading\";i:0;s:15:\"uagb\/blockquote\";i:0;s:12:\"uagb\/buttons\";i:0;s:18:\"uagb\/buttons-child\";i:0;s:19:\"uagb\/call-to-action\";i:0;s:15:\"uagb\/cf7-styler\";i:0;s:11:\"uagb\/column\";i:0;s:12:\"uagb\/columns\";i:0;s:14:\"uagb\/container\";i:0;s:21:\"uagb\/content-timeline\";i:0;s:27:\"uagb\/content-timeline-child\";i:0;s:14:\"uagb\/countdown\";i:0;s:12:\"uagb\/counter\";i:0;s:8:\"uagb\/faq\";i:0;s:14:\"uagb\/faq-child\";i:0;s:10:\"uagb\/forms\";i:0;s:17:\"uagb\/forms-accept\";i:0;s:19:\"uagb\/forms-checkbox\";i:0;s:15:\"uagb\/forms-date\";i:0;s:16:\"uagb\/forms-email\";i:0;s:17:\"uagb\/forms-hidden\";i:0;s:15:\"uagb\/forms-name\";i:0;s:16:\"uagb\/forms-phone\";i:0;s:16:\"uagb\/forms-radio\";i:0;s:17:\"uagb\/forms-select\";i:0;s:19:\"uagb\/forms-textarea\";i:0;s:17:\"uagb\/forms-toggle\";i:0;s:14:\"uagb\/forms-url\";i:0;s:14:\"uagb\/gf-styler\";i:0;s:15:\"uagb\/google-map\";i:0;s:11:\"uagb\/how-to\";i:0;s:16:\"uagb\/how-to-step\";i:0;s:9:\"uagb\/icon\";i:0;s:14:\"uagb\/icon-list\";i:0;s:20:\"uagb\/icon-list-child\";i:0;s:10:\"uagb\/image\";i:1;s:18:\"uagb\/image-gallery\";i:0;s:13:\"uagb\/info-box\";i:0;s:18:\"uagb\/inline-notice\";i:0;s:11:\"uagb\/lottie\";i:0;s:21:\"uagb\/marketing-button\";i:0;s:10:\"uagb\/modal\";i:0;s:18:\"uagb\/popup-builder\";i:0;s:16:\"uagb\/post-button\";i:0;s:18:\"uagb\/post-carousel\";i:0;s:17:\"uagb\/post-excerpt\";i:0;s:14:\"uagb\/post-grid\";i:0;s:15:\"uagb\/post-image\";i:0;s:17:\"uagb\/post-masonry\";i:0;s:14:\"uagb\/post-meta\";i:0;s:18:\"uagb\/post-taxonomy\";i:0;s:18:\"uagb\/post-timeline\";i:0;s:15:\"uagb\/post-title\";i:0;s:20:\"uagb\/restaurant-menu\";i:0;s:26:\"uagb\/restaurant-menu-child\";i:0;s:11:\"uagb\/review\";i:0;s:12:\"uagb\/section\";i:0;s:14:\"uagb\/separator\";i:0;s:11:\"uagb\/slider\";i:0;s:17:\"uagb\/slider-child\";i:0;s:17:\"uagb\/social-share\";i:0;s:23:\"uagb\/social-share-child\";i:0;s:16:\"uagb\/star-rating\";i:0;s:23:\"uagb\/sure-cart-checkout\";i:0;s:22:\"uagb\/sure-cart-product\";i:0;s:15:\"uagb\/sure-forms\";i:0;s:22:\"uagb\/table-of-contents\";i:0;s:9:\"uagb\/tabs\";i:0;s:15:\"uagb\/tabs-child\";i:0;s:18:\"uagb\/taxonomy-list\";i:0;s:9:\"uagb\/team\";i:0;s:16:\"uagb\/testimonial\";i:0;s:14:\"uagb\/wp-search\";i:0;s:19:\"uagb\/instagram-feed\";i:0;s:10:\"uagb\/login\";i:0;s:17:\"uagb\/loop-builder\";i:0;s:18:\"uagb\/loop-category\";i:0;s:20:\"uagb\/loop-pagination\";i:0;s:15:\"uagb\/loop-reset\";i:0;s:16:\"uagb\/loop-search\";i:0;s:14:\"uagb\/loop-sort\";i:0;s:17:\"uagb\/loop-wrapper\";i:0;s:13:\"uagb\/register\";i:0;s:19:\"uagb\/register-email\";i:0;s:24:\"uagb\/register-first-name\";i:0;s:23:\"uagb\/register-last-name\";i:0;s:22:\"uagb\/register-password\";i:0;s:30:\"uagb\/register-reenter-password\";i:0;s:19:\"uagb\/register-terms\";i:0;s:22:\"uagb\/register-username\";i:0;}"],"_uag_css_file_name":["uag-css-206.css"]},"uagb_featured_image_src":{"full":false,"thumbnail":false,"medium":false,"medium_large":false,"large":false,"1536x1536":false,"2048x2048":false,"trp-custom-language-flag":false,"woocommerce_thumbnail":false,"woocommerce_single":false,"woocommerce_gallery_thumbnail":false},"uagb_author_info":{"display_name":"admin","author_link":"https:\/\/lande-dgp.fi\/sv\/author\/janne\/"},"uagb_comment_info":0,"uagb_excerpt":"Maksutavat Maksupalvelun tarjoaa Verifone Finland Oy (0943819-9). Verifone Finland Oy on Finanssivalvonnan toimiluvan saanut maksulaitos. Maksutapahtumat toteutetaan Verifone Finland Oy:n suojatussa tietoturvallisessa maksuymp\u00e4rist\u00f6ss\u00e4. Yleisimpien verkkopankki-, kortti- ja muiden maksujen vastaanottajana tiliotteella sek\u00e4 mahdollisilla korttilaskuilla n\u00e4kyy Verifone Finland Oy, joka v\u00e4litt\u00e4\u00e4 maksut kauppiaalle. Muiden maksutapojen osalta Verifone Finland Oy toimii maksutapahtumatietojen v\u00e4litt\u00e4j\u00e4n\u00e4, jolloin maksun vastaanottajana n\u00e4kyy&hellip;","_links":{"self":[{"href":"https:\/\/lande-dgp.fi\/sv\/wp-json\/wp\/v2\/pages\/206","targetHints":{"allow":["GET"]}}],"collection":[{"href":"https:\/\/lande-dgp.fi\/sv\/wp-json\/wp\/v2\/pages"}],"about":[{"href":"https:\/\/lande-dgp.fi\/sv\/wp-json\/wp\/v2\/types\/page"}],"author":[{"embeddable":true,"href":"https:\/\/lande-dgp.fi\/sv\/wp-json\/wp\/v2\/users\/1"}],"replies":[{"embeddable":true,"href":"https:\/\/lande-dgp.fi\/sv\/wp-json\/wp\/v2\/comments?post=206"}],"version-history":[{"count":4,"href":"https:\/\/lande-dgp.fi\/sv\/wp-json\/wp\/v2\/pages\/206\/revisions"}],"predecessor-version":[{"id":561,"href":"https:\/\/lande-dgp.fi\/sv\/wp-json\/wp\/v2\/pages\/206\/revisions\/561"}],"wp:attachment":[{"href":"https:\/\/lande-dgp.fi\/sv\/wp-json\/wp\/v2\/media?parent=206"}],"curies":[{"name":"wp","href":"https:\/\/api.w.org\/{rel}","templated":true}]}}